{"id":4461,"date":"2024-11-28T22:39:25","date_gmt":"2024-11-28T21:39:25","guid":{"rendered":"https:\/\/www.handballbelgium.be\/?page_id=4461"},"modified":"2025-03-20T21:28:34","modified_gmt":"2025-03-20T20:28:34","slug":"historique-missions","status":"publish","type":"page","link":"https:\/\/www.handballbelgium.be\/index.php\/lfh\/vie-federale\/historique-missions\/","title":{"rendered":"VIE FEDERALE"},"content":{"rendered":"\t\t<div data-elementor-type=\"wp-page\" data-elementor-id=\"4461\" class=\"elementor elementor-4461\">\n\t\t\t\t<div class=\"elementor-element elementor-element-f497cb9 animated-slow e-flex e-con-boxed wpr-particle-no wpr-jarallax-no wpr-parallax-no wpr-sticky-section-no elementor-invisible e-con e-parent\" data-id=\"f497cb9\" data-element_type=\"container\" data-e-type=\"container\" data-settings=\"{&quot;animation&quot;:&quot;fadeInUp&quot;}\">\n\t\t\t\t\t<div class=\"e-con-inner\">\n\t\t\t\t<div class=\"elementor-element elementor-element-c3ef8ae animated-slow elementor-widget elementor-widget-text-editor\" data-id=\"c3ef8ae\" data-element_type=\"widget\" data-e-type=\"widget\" data-settings=\"{&quot;_animation&quot;:&quot;none&quot;}\" data-widget_type=\"text-editor.default\">\n\t\t\t\t<div class=\"elementor-widget-container\">\n\t\t\t\t\t\t\t\t\tLa Ligue Francophone de Handball (LFH) en Belgique a \u00e9t\u00e9 officiellement constitu\u00e9e en tant qu&#8217;association sans but lucratif (ASBL) en 1977. Elle a pour mission de g\u00e9rer et de promouvoir le handball dans la communaut\u00e9 francophone du pays.\u00a0Elle s&#8217;occupe de l&#8217;organisation des comp\u00e9titions pour les clubs francophones, de la formation des joueurs, des entra\u00eeneurs, et des arbitres.<br><br>\n<h5>Comp\u00e9titions<\/h5>Elle organise plusieurs comp\u00e9titions, notamment des championnats pour diff\u00e9rentes cat\u00e9gories d&#8217;\u00e2ge, des comp\u00e9titions seniors, ainsi que des \u00e9v\u00e9nements sportifs pour promouvoir le handball.\n<br><br>\n<h5>D\u00e9veloppement<\/h5>\nLa LFH s&#8217;engage \u00e9galement dans le d\u00e9veloppement du handball au niveau local en soutenant les clubs de handball dans leurs efforts pour accro\u00eetre la participation et en encourageant l&#8217;\u00e9mergence de jeunes talents.\n<br><br>\n<h5>Coop\u00e9ration<\/h5>\nElle collabore avec l\u2019Union Royale Belge de Handball, ainsi que d&#8217;autres ligues telles que la Ligue Flamande de Handball, pour assurer une gestion coh\u00e9rente du sport \u00e0 travers le pays.\n<br><br>\n<h5>\u00c9v\u00e9nements Internationaux<\/h5>La LFH est impliqu\u00e9e dans l&#8217;organisation et la gestion d&#8217;\u00e9v\u00e9nements internationaux se d\u00e9roulant en Belgique ou impliquant des \u00e9quipes belges, contribuant ainsi \u00e0 la visibilit\u00e9 du handball belge sur la sc\u00e8ne internationale.\t\t\t\t\t\t\t\t<\/div>\n\t\t\t\t<\/div>\n\t\t<div class=\"elementor-element elementor-element-ef1d86f e-con-full e-grid wpr-particle-no wpr-jarallax-no wpr-parallax-no wpr-sticky-section-no e-con e-child\" data-id=\"ef1d86f\" data-element_type=\"container\" data-e-type=\"container\">\n\t\t<div class=\"elementor-element elementor-element-caceae3 e-con-full e-flex wpr-particle-no wpr-jarallax-no wpr-parallax-no wpr-sticky-section-no e-con e-child\" data-id=\"caceae3\" data-element_type=\"container\" data-e-type=\"container\">\n\t\t\t\t<div class=\"elementor-element elementor-element-d9747a3 elementor-widget elementor-widget-eael-creative-button\" data-id=\"d9747a3\" data-element_type=\"widget\" data-e-type=\"widget\" data-widget_type=\"eael-creative-button.default\">\n\t\t\t\t<div class=\"elementor-widget-container\">\n\t\t\t\t\t        <div class=\"eael-creative-button-wrapper\">\n\n            <a class=\"eael-creative-button eael-creative-button--ujarak\" href=\"https:\/\/www.handballbelgium.be\/index.php\/lfh\/vie-federale\/conseil-dadministration\/\" data-text=\"\">\n            \t    \n                <div class=\"creative-button-inner\">\n\n                    \n                    <span class=\"cretive-button-text\">CA<\/span>\n\n                                    <\/div>\n\t                        <\/a>\n        <\/div>\n        \t\t\t\t<\/div>\n\t\t\t\t<\/div>\n\t\t\t\t<\/div>\n\t\t<div class=\"elementor-element elementor-element-08159c0 e-con-full e-flex wpr-particle-no wpr-jarallax-no wpr-parallax-no wpr-sticky-section-no e-con e-child\" data-id=\"08159c0\" data-element_type=\"container\" data-e-type=\"container\">\n\t\t\t\t<div class=\"elementor-element elementor-element-87d7e67 elementor-widget elementor-widget-eael-creative-button\" data-id=\"87d7e67\" data-element_type=\"widget\" data-e-type=\"widget\" data-widget_type=\"eael-creative-button.default\">\n\t\t\t\t<div class=\"elementor-widget-container\">\n\t\t\t\t\t        <div class=\"eael-creative-button-wrapper\">\n\n            <a class=\"eael-creative-button eael-creative-button--ujarak\" href=\"https:\/\/www.handballbelgium.be\/index.php\/lfh\/vie-federale\/comites\/\" data-text=\"\">\n            \t    \n                <div class=\"creative-button-inner\">\n\n                    \n                    <span class=\"cretive-button-text\">COMIT\u00c9S<\/span>\n\n                                    <\/div>\n\t                        <\/a>\n        <\/div>\n        \t\t\t\t<\/div>\n\t\t\t\t<\/div>\n\t\t\t\t<\/div>\n\t\t<div class=\"elementor-element elementor-element-47e16d5 e-con-full e-flex wpr-particle-no wpr-jarallax-no wpr-parallax-no wpr-sticky-section-no e-con e-child\" data-id=\"47e16d5\" data-element_type=\"container\" data-e-type=\"container\">\n\t\t\t\t<div class=\"elementor-element elementor-element-bc432a4 elementor-widget elementor-widget-eael-creative-button\" data-id=\"bc432a4\" data-element_type=\"widget\" data-e-type=\"widget\" data-widget_type=\"eael-creative-button.default\">\n\t\t\t\t<div class=\"elementor-widget-container\">\n\t\t\t\t\t        <div class=\"eael-creative-button-wrapper\">\n\n            <a class=\"eael-creative-button eael-creative-button--ujarak\" href=\"https:\/\/www.handballbelgium.be\/index.php\/lfh\/vie-federale\/commissions\/\" data-text=\"\">\n            \t    \n                <div class=\"creative-button-inner\">\n\n                    \n                    <span class=\"cretive-button-text\">COMMISSIONS<\/span>\n\n                                    <\/div>\n\t                        <\/a>\n        <\/div>\n        \t\t\t\t<\/div>\n\t\t\t\t<\/div>\n\t\t\t\t<\/div>\n\t\t<div class=\"elementor-element elementor-element-dbd3c42 e-con-full e-flex wpr-particle-no wpr-jarallax-no wpr-parallax-no wpr-sticky-section-no e-con e-child\" data-id=\"dbd3c42\" data-element_type=\"container\" data-e-type=\"container\">\n\t\t\t\t<div class=\"elementor-element elementor-element-4aa042f elementor-widget elementor-widget-eael-creative-button\" data-id=\"4aa042f\" data-element_type=\"widget\" data-e-type=\"widget\" data-widget_type=\"eael-creative-button.default\">\n\t\t\t\t<div class=\"elementor-widget-container\">\n\t\t\t\t\t        <div class=\"eael-creative-button-wrapper\">\n\n            <a class=\"eael-creative-button eael-creative-button--ujarak\" href=\"https:\/\/www.handballbelgium.be\/index.php\/lfh\/vie-federale\/partenaires\/\" data-text=\"\">\n            \t    \n                <div class=\"creative-button-inner\">\n\n                    \n                    <span class=\"cretive-button-text\">PARTENAIRES<\/span>\n\n                                    <\/div>\n\t                        <\/a>\n        <\/div>\n        \t\t\t\t<\/div>\n\t\t\t\t<\/div>\n\t\t\t\t<\/div>\n\t\t\t\t<\/div>\n\t\t<div class=\"elementor-element elementor-element-2cb77b2 e-con-full e-grid wpr-particle-no wpr-jarallax-no wpr-parallax-no wpr-sticky-section-no e-con e-child\" data-id=\"2cb77b2\" data-element_type=\"container\" data-e-type=\"container\">\n\t\t<div class=\"elementor-element elementor-element-428f829 e-con-full e-flex wpr-particle-no wpr-jarallax-no wpr-parallax-no wpr-sticky-section-no e-con e-child\" data-id=\"428f829\" data-element_type=\"container\" data-e-type=\"container\">\n\t\t\t\t<div class=\"elementor-element elementor-element-b5fe4fd elementor-widget elementor-widget-eael-creative-button\" data-id=\"b5fe4fd\" data-element_type=\"widget\" data-e-type=\"widget\" data-widget_type=\"eael-creative-button.default\">\n\t\t\t\t<div class=\"elementor-widget-container\">\n\t\t\t\t\t        <div class=\"eael-creative-button-wrapper\">\n\n            <a class=\"eael-creative-button eael-creative-button--ujarak\" href=\"https:\/\/www.handballbelgium.be\/wp-content\/uploads\/2025\/03\/Visuel-PSG-LFH-25-28.pdf\" target=\"_blank\" data-text=\"\">\n            \t    \n                <div class=\"creative-button-inner\">\n\n                    \n                    <span class=\"cretive-button-text\">PLAN STRATEGIQUE GLOBAL<\/span>\n\n                                    <\/div>\n\t                        <\/a>\n        <\/div>\n        \t\t\t\t<\/div>\n\t\t\t\t<\/div>\n\t\t\t\t<\/div>\n\t\t\t\t<\/div>\n\t\t\t\t\t<\/div>\n\t\t\t\t<\/div>\n\t\t\t\t<\/div>\n\t\t","protected":false},"excerpt":{"rendered":"<p>La Ligue Francophone de Handball (LFH) en Belgique a \u00e9t\u00e9 officiellement constitu\u00e9e en tant qu&#8217;association sans but lucratif (ASBL) en 1977. Elle a pour mission de g\u00e9rer et de promouvoir le handball dans la communaut\u00e9 francophone du pays.\u00a0Elle s&#8217;occupe de l&#8217;organisation des comp\u00e9titions pour les clubs francophones, de la formation des joueurs, des entra\u00eeneurs, et des arbitres. Comp\u00e9titions Elle organise plusieurs comp\u00e9titions, notamment des championnats pour diff\u00e9rentes cat\u00e9gories d&#8217;\u00e2ge, des comp\u00e9titions seniors, ainsi que des \u00e9v\u00e9nements sportifs pour promouvoir le handball. D\u00e9veloppement La LFH s&#8217;engage \u00e9galement dans le d\u00e9veloppement du handball au niveau local en soutenant les clubs de handball dans leurs efforts pour accro\u00eetre la participation et en encourageant l&#8217;\u00e9mergence de jeunes talents. Coop\u00e9ration Elle collabore avec l\u2019Union Royale Belge de Handball, ainsi que d&#8217;autres ligues telles que la Ligue Flamande de Handball, pour assurer une gestion coh\u00e9rente du sport \u00e0 travers le pays. \u00c9v\u00e9nements Internationaux La LFH est impliqu\u00e9e dans l&#8217;organisation et la gestion d&#8217;\u00e9v\u00e9nements internationaux se d\u00e9roulant en Belgique ou impliquant des \u00e9quipes belges, contribuant ainsi \u00e0 la visibilit\u00e9 du handball belge sur la sc\u00e8ne internationale. CA COMIT\u00c9S COMMISSIONS PARTENAIRES PLAN STRATEGIQUE GLOBAL<\/p>\n","protected":false},"author":2,"featured_media":0,"parent":4289,"menu_order":0,"comment_status":"closed","ping_status":"closed","template":"","meta":{"footnotes":""},"class_list":["post-4461","page","type-page","status-publish","hentry"],"rttpg_featured_image_url":null,"rttpg_author":{"display_name":"C\u00e9dric Mouchette","author_link":"https:\/\/www.handballbelgium.be\/index.php\/author\/admin\/"},"rttpg_comment":0,"rttpg_category":null,"rttpg_excerpt":"La Ligue Francophone de Handball (LFH) en Belgique a \u00e9t\u00e9 officiellement constitu\u00e9e en tant qu&#8217;association sans but lucratif (ASBL) en 1977. Elle a pour mission de g\u00e9rer et de promouvoir le handball dans la communaut\u00e9 francophone du pays.\u00a0Elle s&#8217;occupe de l&#8217;organisation des comp\u00e9titions pour les clubs francophones, de la formation des joueurs, des entra\u00eeneurs, et&hellip;","_links":{"self":[{"href":"https:\/\/www.handballbelgium.be\/index.php\/wp-json\/wp\/v2\/pages\/4461","targetHints":{"allow":["GET"]}}],"collection":[{"href":"https:\/\/www.handballbelgium.be\/index.php\/wp-json\/wp\/v2\/pages"}],"about":[{"href":"https:\/\/www.handballbelgium.be\/index.php\/wp-json\/wp\/v2\/types\/page"}],"author":[{"embeddable":true,"href":"https:\/\/www.handballbelgium.be\/index.php\/wp-json\/wp\/v2\/users\/2"}],"replies":[{"embeddable":true,"href":"https:\/\/www.handballbelgium.be\/index.php\/wp-json\/wp\/v2\/comments?post=4461"}],"version-history":[{"count":52,"href":"https:\/\/www.handballbelgium.be\/index.php\/wp-json\/wp\/v2\/pages\/4461\/revisions"}],"predecessor-version":[{"id":5317,"href":"https:\/\/www.handballbelgium.be\/index.php\/wp-json\/wp\/v2\/pages\/4461\/revisions\/5317"}],"up":[{"embeddable":true,"href":"https:\/\/www.handballbelgium.be\/index.php\/wp-json\/wp\/v2\/pages\/4289"}],"wp:attachment":[{"href":"https:\/\/www.handballbelgium.be\/index.php\/wp-json\/wp\/v2\/media?parent=4461"}],"curies":[{"name":"wp","href":"https:\/\/api.w.org\/{rel}","templated":true}]}}