{"id":4466,"date":"2024-11-28T23:01:46","date_gmt":"2024-11-28T22:01:46","guid":{"rendered":"https:\/\/www.handballbelgium.be\/?page_id=4466"},"modified":"2025-06-06T15:04:45","modified_gmt":"2025-06-06T13:04:45","slug":"partenaires","status":"publish","type":"page","link":"https:\/\/www.handballbelgium.be\/index.php\/lfh\/vie-federale\/partenaires\/","title":{"rendered":"PARTENAIRES"},"content":{"rendered":"\t\t<div data-elementor-type=\"wp-page\" data-elementor-id=\"4466\" class=\"elementor elementor-4466\">\n\t\t\t\t<div class=\"elementor-element elementor-element-f497cb9 e-flex e-con-boxed wpr-particle-no wpr-jarallax-no wpr-parallax-no wpr-sticky-section-no e-con e-parent\" data-id=\"f497cb9\" data-element_type=\"container\" data-e-type=\"container\">\n\t\t\t\t\t<div class=\"e-con-inner\">\n\t\t\t\t<div class=\"elementor-element elementor-element-c3ef8ae animated-slow elementor-invisible elementor-widget elementor-widget-text-editor\" data-id=\"c3ef8ae\" data-element_type=\"widget\" data-e-type=\"widget\" data-settings=\"{&quot;_animation&quot;:&quot;fadeIn&quot;}\" data-widget_type=\"text-editor.default\">\n\t\t\t\t<div class=\"elementor-widget-container\">\n\t\t\t\t\t\t\t\t\t<p>La Ligue Francophone de Handball (LFH) b\u00e9n\u00e9ficie du soutien de plusieurs partenaires et organismes publics qui jouent un r\u00f4le essentiel dans la promotion et le d\u00e9veloppement du handball en Belgique francophone. Ces partenariats et soutiens publics sont essentiels pour le fonctionnement et le rayonnement de la LFH, contribuant au d\u00e9veloppement du handball et \u00e0 l&#8217;\u00e9mergence de talents dans la r\u00e9gion francophone de Belgique.<\/p>\t\t\t\t\t\t\t\t<\/div>\n\t\t\t\t<\/div>\n\t\t\t\t\t<\/div>\n\t\t\t\t<\/div>\n\t\t<div class=\"elementor-element elementor-element-05f2938 e-flex e-con-boxed wpr-particle-no wpr-jarallax-no wpr-parallax-no wpr-sticky-section-no e-con e-parent\" data-id=\"05f2938\" data-element_type=\"container\" data-e-type=\"container\">\n\t\t\t\t\t<div class=\"e-con-inner\">\n\t\t<div class=\"elementor-element elementor-element-a99aa45 e-con-full animated-slow e-flex wpr-particle-no wpr-jarallax-no wpr-parallax-no wpr-sticky-section-no elementor-invisible e-con e-child\" data-id=\"a99aa45\" data-element_type=\"container\" data-e-type=\"container\" data-settings=\"{&quot;animation&quot;:&quot;fadeIn&quot;}\">\n\t\t\t\t<div class=\"elementor-element elementor-element-d6842b2 animated-slow eael-infobox-shape-square eael-infobox-hover-img-shape-square elementor-widget elementor-widget-eael-info-box\" data-id=\"d6842b2\" data-element_type=\"widget\" data-e-type=\"widget\" data-settings=\"{&quot;_animation&quot;:&quot;none&quot;}\" data-widget_type=\"eael-info-box.default\">\n\t\t\t\t<div class=\"elementor-widget-container\">\n\t\t\t\t\t        <div class=\"eael-infobox icon-on-left\">\n\t            <div class=\"infobox-icon\">\n\n                            <img decoding=\"async\" src=\"https:\/\/www.handballbelgium.be\/wp-content\/uploads\/2025\/06\/JPEG-Ethias-high-quality.jpg\" alt=\"\">\n            \n            \n            \n        <\/div>\n            <div class=\"infobox-content\">\n                    <div class=\"infobox-title-section\">\n                <h2 class=\"title\">ETHIAS<\/h2>            <\/div>\n            <div><p align='justify'>En tant qu&#8217;assureur reconnu, Ethias soutient la LFH en offrant des solutions d&#8217;assurance adapt\u00e9es aux besoins des clubs et des sportifs, contribuant ainsi \u00e0 un environnement sportif s\u00e9curis\u00e9.<\/p><\/div>        <\/div>\n            <\/div>\n\n\t\t\t\t\t\t<\/div>\n\t\t\t\t<\/div>\n\t\t\t\t<\/div>\n\t\t<div class=\"elementor-element elementor-element-c14a2d3 e-con-full animated-slow e-flex wpr-particle-no wpr-jarallax-no wpr-parallax-no wpr-sticky-section-no elementor-invisible e-con e-child\" data-id=\"c14a2d3\" data-element_type=\"container\" data-e-type=\"container\" data-settings=\"{&quot;animation&quot;:&quot;fadeIn&quot;}\">\n\t\t\t\t<div class=\"elementor-element elementor-element-fd413f8 animated-slow eael-infobox-shape-square eael-infobox-hover-img-shape-square elementor-widget elementor-widget-eael-info-box\" data-id=\"fd413f8\" data-element_type=\"widget\" data-e-type=\"widget\" data-settings=\"{&quot;_animation&quot;:&quot;none&quot;}\" data-widget_type=\"eael-info-box.default\">\n\t\t\t\t<div class=\"elementor-widget-container\">\n\t\t\t\t\t        <div class=\"eael-infobox icon-on-right\">\n\t            <div class=\"infobox-icon\">\n\n                            <img decoding=\"async\" src=\"https:\/\/www.handballbelgium.be\/wp-content\/uploads\/2019\/11\/erimavert1-e1640114394699.jpg\" alt=\"\">\n            \n            \n            \n        <\/div>\n            <div class=\"infobox-content\">\n                    <div class=\"infobox-title-section\">\n                <h2 class=\"title\">ERIMA<\/h2>            <\/div>\n            <div><p align='justify'>Fournisseur d&#8217;\u00e9quipements sportifs, Erima collabore avec la LFH pour fournir des mat\u00e9riels de qualit\u00e9, garantissant aux \u00e9quipes et aux joueurs des conditions optimales pour la pratique du handball.<\/p><\/div>        <\/div>\n            <\/div>\n\n\t\t\t\t\t\t<\/div>\n\t\t\t\t<\/div>\n\t\t\t\t<\/div>\n\t\t<div class=\"elementor-element elementor-element-49d27e7 e-con-full animated-slow e-flex wpr-particle-no wpr-jarallax-no wpr-parallax-no wpr-sticky-section-no elementor-invisible e-con e-child\" data-id=\"49d27e7\" data-element_type=\"container\" data-e-type=\"container\" data-settings=\"{&quot;animation&quot;:&quot;fadeIn&quot;}\">\n\t\t\t\t<div class=\"elementor-element elementor-element-6f974ba animated-slow eael-infobox-shape-square eael-infobox-hover-img-shape-square elementor-widget elementor-widget-eael-info-box\" data-id=\"6f974ba\" data-element_type=\"widget\" data-e-type=\"widget\" data-settings=\"{&quot;_animation&quot;:&quot;none&quot;}\" data-widget_type=\"eael-info-box.default\">\n\t\t\t\t<div class=\"elementor-widget-container\">\n\t\t\t\t\t        <div class=\"eael-infobox icon-on-left\">\n\t            <div class=\"infobox-icon\">\n\n                            <img decoding=\"async\" src=\"https:\/\/www.handballbelgium.be\/wp-content\/uploads\/2024\/11\/cropped-favicon.png\" alt=\"\">\n            \n            \n            \n        <\/div>\n            <div class=\"infobox-content\">\n                    <div class=\"infobox-title-section\">\n                <h2 class=\"title\">SPORTEASY<\/h2>            <\/div>\n            <div><p align='justify'>Cette plateforme de gestion d&#8217;\u00e9quipe aide les clubs et les coachs \u00e0 organiser plus efficacement leurs activit\u00e9s quotidiennes, simplifiant ainsi la planification des entra\u00eenements et des matchs.<\/p><\/div>        <\/div>\n            <\/div>\n\n\t\t\t\t\t\t<\/div>\n\t\t\t\t<\/div>\n\t\t\t\t<\/div>\n\t\t<div class=\"elementor-element elementor-element-fd811a3 e-con-full animated-slow e-flex wpr-particle-no wpr-jarallax-no wpr-parallax-no wpr-sticky-section-no elementor-invisible e-con e-child\" data-id=\"fd811a3\" data-element_type=\"container\" data-e-type=\"container\" data-settings=\"{&quot;animation&quot;:&quot;fadeIn&quot;}\">\n\t\t\t\t<div class=\"elementor-element elementor-element-9ba4ae0 animated-slow eael-infobox-shape-square eael-infobox-hover-img-shape-square elementor-widget elementor-widget-eael-info-box\" data-id=\"9ba4ae0\" data-element_type=\"widget\" data-e-type=\"widget\" data-settings=\"{&quot;_animation&quot;:&quot;none&quot;}\" data-widget_type=\"eael-info-box.default\">\n\t\t\t\t<div class=\"elementor-widget-container\">\n\t\t\t\t\t        <div class=\"eael-infobox icon-on-right\">\n\t            <div class=\"infobox-icon\">\n\n                            <img decoding=\"async\" src=\"https:\/\/www.handballbelgium.be\/wp-content\/uploads\/2022\/08\/Sudinfo_Logotype_2021.jpg\" alt=\"\">\n            \n            \n            \n        <\/div>\n            <div class=\"infobox-content\">\n                    <div class=\"infobox-title-section\">\n                <h2 class=\"title\">SUDINFO<\/h2>            <\/div>\n            <div><p align='justify'>Partenaire m\u00e9diatique, Sudinfo contribue \u00e0 la visibilit\u00e9 de la LFH en assurant la couverture m\u00e9diatique des \u00e9v\u00e9nements et en mettant en lumi\u00e8re les activit\u00e9s et les succ\u00e8s du handball francophone.<\/p><\/div>        <\/div>\n            <\/div>\n\n\t\t\t\t\t\t<\/div>\n\t\t\t\t<\/div>\n\t\t\t\t<\/div>\n\t\t<div class=\"elementor-element elementor-element-6cd8803 e-con-full animated-slow e-flex wpr-particle-no wpr-jarallax-no wpr-parallax-no wpr-sticky-section-no elementor-invisible e-con e-child\" data-id=\"6cd8803\" data-element_type=\"container\" data-e-type=\"container\" data-settings=\"{&quot;animation&quot;:&quot;fadeIn&quot;}\">\n\t\t\t\t<div class=\"elementor-element elementor-element-a47ecb5 animated-slow eael-infobox-shape-square eael-infobox-hover-img-shape-square elementor-widget elementor-widget-eael-info-box\" data-id=\"a47ecb5\" data-element_type=\"widget\" data-e-type=\"widget\" data-settings=\"{&quot;_animation&quot;:&quot;none&quot;}\" data-widget_type=\"eael-info-box.default\">\n\t\t\t\t<div class=\"elementor-widget-container\">\n\t\t\t\t\t        <div class=\"eael-infobox icon-on-left\">\n\t            <div class=\"infobox-icon\">\n\n                            <img decoding=\"async\" src=\"https:\/\/www.handballbelgium.be\/wp-content\/uploads\/2024\/11\/province-liege.png\" alt=\"\">\n            \n            \n            \n        <\/div>\n            <div class=\"infobox-content\">\n                    <div class=\"infobox-title-section\">\n                <h2 class=\"title\">PROVINCE DE LIEGE<\/h2>            <\/div>\n            <div><p align='justify'>En tant qu&#8217;acteur public, la Province de Li\u00e8ge soutient la LFH \u00e0 travers des subventions et des infrastructures, facilitant l&#8217;organisation d&#8217;\u00e9v\u00e9nements sportifs et le d\u00e9veloppement de projets provinciaux.<\/p><\/div>        <\/div>\n            <\/div>\n\n\t\t\t\t\t\t<\/div>\n\t\t\t\t<\/div>\n\t\t\t\t<\/div>\n\t\t<div class=\"elementor-element elementor-element-2afca7e e-con-full animated-slow e-flex wpr-particle-no wpr-jarallax-no wpr-parallax-no wpr-sticky-section-no elementor-invisible e-con e-child\" data-id=\"2afca7e\" data-element_type=\"container\" data-e-type=\"container\" data-settings=\"{&quot;animation&quot;:&quot;fadeIn&quot;}\">\n\t\t\t\t<div class=\"elementor-element elementor-element-d28da8a animated-slow eael-infobox-shape-square eael-infobox-hover-img-shape-square elementor-widget elementor-widget-eael-info-box\" data-id=\"d28da8a\" data-element_type=\"widget\" data-e-type=\"widget\" data-settings=\"{&quot;_animation&quot;:&quot;none&quot;}\" data-widget_type=\"eael-info-box.default\">\n\t\t\t\t<div class=\"elementor-widget-container\">\n\t\t\t\t\t        <div class=\"eael-infobox icon-on-right\">\n\t            <div class=\"infobox-icon\">\n\n                            <img decoding=\"async\" src=\"https:\/\/www.handballbelgium.be\/wp-content\/uploads\/2025\/01\/FWB-adeps-pro-verti.jpg\" alt=\"\">\n            \n            \n            \n        <\/div>\n            <div class=\"infobox-content\">\n                    <div class=\"infobox-title-section\">\n                <h2 class=\"title\">ADEPS<\/h2>            <\/div>\n            <div><p align='justify'>L&#8217;Administration g\u00e9n\u00e9rale du sport en F\u00e9d\u00e9ration Wallonie-Bruxelles (Adeps) offre un soutien crucial \u00e0 la LFH en promouvant le sport pour tous et en aidant \u00e0 la formation des entra\u00eeneurs et des athl\u00e8tes.<\/p><\/div>        <\/div>\n            <\/div>\n\n\t\t\t\t\t\t<\/div>\n\t\t\t\t<\/div>\n\t\t\t\t<\/div>\n\t\t<div class=\"elementor-element elementor-element-0f8a5cf e-con-full animated-slow e-flex wpr-particle-no wpr-jarallax-no wpr-parallax-no wpr-sticky-section-no elementor-invisible e-con e-child\" data-id=\"0f8a5cf\" data-element_type=\"container\" data-e-type=\"container\" data-settings=\"{&quot;animation&quot;:&quot;fadeIn&quot;}\">\n\t\t\t\t<div class=\"elementor-element elementor-element-38928cc animated-slow eael-infobox-shape-square eael-infobox-hover-img-shape-square elementor-widget elementor-widget-eael-info-box\" data-id=\"38928cc\" data-element_type=\"widget\" data-e-type=\"widget\" data-settings=\"{&quot;_animation&quot;:&quot;none&quot;}\" data-widget_type=\"eael-info-box.default\">\n\t\t\t\t<div class=\"elementor-widget-container\">\n\t\t\t\t\t        <div class=\"eael-infobox icon-on-left\">\n\t            <div class=\"infobox-icon\">\n\n                            <img decoding=\"async\" src=\"https:\/\/www.handballbelgium.be\/wp-content\/uploads\/2023\/11\/Ostbelgien_Logo_Color_sRGB-scaled.jpg\" alt=\"\">\n            \n            \n            \n        <\/div>\n            <div class=\"infobox-content\">\n                    <div class=\"infobox-title-section\">\n                <h2 class=\"title\">OSTBELGIEN<\/h2>            <\/div>\n            <div><p align='justify'>La Communaut\u00e9 Germanophone soutient la LFH dans l\u2019accompagnement et le d\u00e9veloppement des clubs et des joueuses\/joueurs.<\/p><\/div>        <\/div>\n            <\/div>\n\n\t\t\t\t\t\t<\/div>\n\t\t\t\t<\/div>\n\t\t\t\t<\/div>\n\t\t<div class=\"elementor-element elementor-element-80a03a0 e-con-full animated-slow e-flex wpr-particle-no wpr-jarallax-no wpr-parallax-no wpr-sticky-section-no elementor-invisible e-con e-child\" data-id=\"80a03a0\" data-element_type=\"container\" data-e-type=\"container\" data-settings=\"{&quot;animation&quot;:&quot;fadeIn&quot;}\">\n\t\t\t\t<div class=\"elementor-element elementor-element-a58e19c animated-slow eael-infobox-shape-square eael-infobox-hover-img-shape-square elementor-widget elementor-widget-eael-info-box\" data-id=\"a58e19c\" data-element_type=\"widget\" data-e-type=\"widget\" data-settings=\"{&quot;_animation&quot;:&quot;none&quot;}\" data-widget_type=\"eael-info-box.default\">\n\t\t\t\t<div class=\"elementor-widget-container\">\n\t\t\t\t\t        <div class=\"eael-infobox icon-on-right\">\n\t            <div class=\"infobox-icon\">\n\n                            <img decoding=\"async\" src=\"https:\/\/www.handballbelgium.be\/wp-content\/uploads\/2025\/02\/OP_LOGO_FR_POSITIF.png\" alt=\"\">\n            \n            \n            \n        <\/div>\n            <div class=\"infobox-content\">\n                    <div class=\"infobox-title-section\">\n                <h2 class=\"title\">OPPORTUNITY PLAYERS<\/h2>            <\/div>\n            <div><p align=\"justify\">Opportunity Players est une plateforme innovante qui connecte clubs, athl\u00e8tes et professionnels du sport. En tant que partenaire principal de la LFH, Opportunity Players offre une visibilit\u00e9 accrue, un r\u00e9seau \u00e9tendu et des opportunit\u00e9s de d\u00e9veloppement professionnel pour les joueuses et joueurs ainsi que pour les clubs de la Ligue. D\u00e9couvrez-en plus sur <a href=\"https:\/\/www.opportunity-players.com\/fr\/accueil\" target=\"_blank\" rel=\"noopener\">www.Opportunity-Players.com<\/a>\u00a0<\/p><\/div>        <\/div>\n            <\/div>\n\n\t\t\t\t\t\t<\/div>\n\t\t\t\t<\/div>\n\t\t\t\t<\/div>\n\t\t\t\t<div class=\"elementor-element elementor-element-5cfb5f1 elementor-align-center elementor-widget elementor-widget-button\" data-id=\"5cfb5f1\" data-element_type=\"widget\" data-e-type=\"widget\" data-widget_type=\"button.default\">\n\t\t\t\t<div class=\"elementor-widget-container\">\n\t\t\t\t\t\t\t\t\t<div class=\"elementor-button-wrapper\">\n\t\t\t\t\t<a class=\"elementor-button elementor-button-link elementor-size-sm\" href=\"https:\/\/www.handballbelgium.be\/index.php\/lfh\/vie-federale\/historique-missions\/\">\n\t\t\t\t\t\t<span class=\"elementor-button-content-wrapper\">\n\t\t\t\t\t\t\t\t\t<span class=\"elementor-button-text\">RETOUR VERS \"VIE FEDERALE\"<\/span>\n\t\t\t\t\t<\/span>\n\t\t\t\t\t<\/a>\n\t\t\t\t<\/div>\n\t\t\t\t\t\t\t\t<\/div>\n\t\t\t\t<\/div>\n\t\t\t\t\t<\/div>\n\t\t\t\t<\/div>\n\t\t\t\t<\/div>\n\t\t","protected":false},"excerpt":{"rendered":"<p>La Ligue Francophone de Handball (LFH) b\u00e9n\u00e9ficie du soutien de plusieurs partenaires et organismes publics qui jouent un r\u00f4le essentiel dans la promotion et le d\u00e9veloppement du handball en Belgique francophone. Ces partenariats et soutiens publics sont essentiels pour le fonctionnement et le rayonnement de la LFH, contribuant au d\u00e9veloppement du handball et \u00e0 l&#8217;\u00e9mergence de talents dans la r\u00e9gion francophone de Belgique. ETHIAS En tant qu&rsquo;assureur reconnu, Ethias soutient la LFH en offrant des solutions d&rsquo;assurance adapt\u00e9es aux besoins des clubs et des sportifs, contribuant ainsi \u00e0 un environnement sportif s\u00e9curis\u00e9. ERIMA Fournisseur d&rsquo;\u00e9quipements sportifs, Erima collabore avec la LFH pour fournir des mat\u00e9riels de qualit\u00e9, garantissant aux \u00e9quipes et aux joueurs des conditions optimales pour la pratique du handball. SPORTEASY Cette plateforme de gestion d&rsquo;\u00e9quipe aide les clubs et les coachs \u00e0 organiser plus efficacement leurs activit\u00e9s quotidiennes, simplifiant ainsi la planification des entra\u00eenements et des matchs. SUDINFO Partenaire m\u00e9diatique, Sudinfo contribue \u00e0 la visibilit\u00e9 de la LFH en assurant la couverture m\u00e9diatique des \u00e9v\u00e9nements et en mettant en lumi\u00e8re les activit\u00e9s et les succ\u00e8s du handball francophone. PROVINCE DE LIEGE En tant qu&rsquo;acteur public, la Province de Li\u00e8ge soutient la LFH \u00e0 travers des subventions et des infrastructures, facilitant l&rsquo;organisation d&rsquo;\u00e9v\u00e9nements sportifs et le d\u00e9veloppement de projets provinciaux. ADEPS L&rsquo;Administration g\u00e9n\u00e9rale du sport en F\u00e9d\u00e9ration Wallonie-Bruxelles (Adeps) offre un soutien crucial \u00e0 la LFH en promouvant le sport pour tous et en aidant \u00e0 la formation des entra\u00eeneurs et des athl\u00e8tes. OSTBELGIEN La Communaut\u00e9 Germanophone soutient la LFH dans l\u2019accompagnement et le d\u00e9veloppement des clubs et des joueuses\/joueurs. OPPORTUNITY PLAYERS Opportunity Players est une plateforme innovante qui connecte clubs, athl\u00e8tes et professionnels du sport. En tant que partenaire principal de la LFH, Opportunity Players offre une visibilit\u00e9 accrue, un r\u00e9seau \u00e9tendu et des opportunit\u00e9s de d\u00e9veloppement professionnel pour les joueuses et joueurs ainsi que pour les clubs de la Ligue. D\u00e9couvrez-en plus sur www.Opportunity-Players.com\u00a0 RETOUR VERS &#8220;VIE FEDERALE&#8221;<\/p>\n","protected":false},"author":2,"featured_media":0,"parent":4289,"menu_order":0,"comment_status":"closed","ping_status":"closed","template":"","meta":{"footnotes":""},"class_list":["post-4466","page","type-page","status-publish","hentry"],"rttpg_featured_image_url":null,"rttpg_author":{"display_name":"C\u00e9dric Mouchette","author_link":"https:\/\/www.handballbelgium.be\/index.php\/author\/admin\/"},"rttpg_comment":0,"rttpg_category":null,"rttpg_excerpt":"La Ligue Francophone de Handball (LFH) b\u00e9n\u00e9ficie du soutien de plusieurs partenaires et organismes publics qui jouent un r\u00f4le essentiel dans la promotion et le d\u00e9veloppement du handball en Belgique francophone. Ces partenariats et soutiens publics sont essentiels pour le fonctionnement et le rayonnement de la LFH, contribuant au d\u00e9veloppement du handball et \u00e0 l&#8217;\u00e9mergence&hellip;","_links":{"self":[{"href":"https:\/\/www.handballbelgium.be\/index.php\/wp-json\/wp\/v2\/pages\/4466","targetHints":{"allow":["GET"]}}],"collection":[{"href":"https:\/\/www.handballbelgium.be\/index.php\/wp-json\/wp\/v2\/pages"}],"about":[{"href":"https:\/\/www.handballbelgium.be\/index.php\/wp-json\/wp\/v2\/types\/page"}],"author":[{"embeddable":true,"href":"https:\/\/www.handballbelgium.be\/index.php\/wp-json\/wp\/v2\/users\/2"}],"replies":[{"embeddable":true,"href":"https:\/\/www.handballbelgium.be\/index.php\/wp-json\/wp\/v2\/comments?post=4466"}],"version-history":[{"count":31,"href":"https:\/\/www.handballbelgium.be\/index.php\/wp-json\/wp\/v2\/pages\/4466\/revisions"}],"predecessor-version":[{"id":5577,"href":"https:\/\/www.handballbelgium.be\/index.php\/wp-json\/wp\/v2\/pages\/4466\/revisions\/5577"}],"up":[{"embeddable":true,"href":"https:\/\/www.handballbelgium.be\/index.php\/wp-json\/wp\/v2\/pages\/4289"}],"wp:attachment":[{"href":"https:\/\/www.handballbelgium.be\/index.php\/wp-json\/wp\/v2\/media?parent=4466"}],"curies":[{"name":"wp","href":"https:\/\/api.w.org\/{rel}","templated":true}]}}