{"id":4616,"date":"2025-01-15T23:25:34","date_gmt":"2025-01-15T22:25:34","guid":{"rendered":"https:\/\/www.handballbelgium.be\/?page_id=4616"},"modified":"2025-01-30T21:27:30","modified_gmt":"2025-01-30T20:27:30","slug":"scorers-ranking-2","status":"publish","type":"page","link":"https:\/\/www.handballbelgium.be\/index.php\/scorers-ranking-2\/","title":{"rendered":"SCORERS RANKING &#8211; WAIT"},"content":{"rendered":"\n<ul class=\"wp-block-list\">\n<li>La page des &#8220;Top Scorers&#8221; est actuellement indisponible en raison d&#8217;une maintenance de s\u00e9curit\u00e9. Nous travaillons activement pour r\u00e9tablir l&#8217;acc\u00e8s dans les plus brefs d\u00e9lais. Merci de votre compr\u00e9hension et de votre patience.<\/li>\n\n\n\n<li>De pagina &#8220;Top Scorers&#8221; is momenteel niet beschikbaar vanwege onderhoudswerkzaamheden aan de beveiliging. We werken er hard aan om de toegang zo snel mogelijk te herstellen.\u00a0Bedankt voor uw begrip en geduld.<\/li>\n<\/ul>\n","protected":false},"excerpt":{"rendered":"","protected":false},"author":2,"featured_media":0,"parent":0,"menu_order":0,"comment_status":"closed","ping_status":"closed","template":"","meta":{"footnotes":""},"class_list":["post-4616","page","type-page","status-publish","hentry"],"rttpg_featured_image_url":null,"rttpg_author":{"display_name":"C\u00e9dric Mouchette","author_link":"https:\/\/www.handballbelgium.be\/index.php\/author\/admin\/"},"rttpg_comment":0,"rttpg_category":null,"rttpg_excerpt":null,"_links":{"self":[{"href":"https:\/\/www.handballbelgium.be\/index.php\/wp-json\/wp\/v2\/pages\/4616","targetHints":{"allow":["GET"]}}],"collection":[{"href":"https:\/\/www.handballbelgium.be\/index.php\/wp-json\/wp\/v2\/pages"}],"about":[{"href":"https:\/\/www.handballbelgium.be\/index.php\/wp-json\/wp\/v2\/types\/page"}],"author":[{"embeddable":true,"href":"https:\/\/www.handballbelgium.be\/index.php\/wp-json\/wp\/v2\/users\/2"}],"replies":[{"embeddable":true,"href":"https:\/\/www.handballbelgium.be\/index.php\/wp-json\/wp\/v2\/comments?post=4616"}],"version-history":[{"count":5,"href":"https:\/\/www.handballbelgium.be\/index.php\/wp-json\/wp\/v2\/pages\/4616\/revisions"}],"predecessor-version":[{"id":4799,"href":"https:\/\/www.handballbelgium.be\/index.php\/wp-json\/wp\/v2\/pages\/4616\/revisions\/4799"}],"wp:attachment":[{"href":"https:\/\/www.handballbelgium.be\/index.php\/wp-json\/wp\/v2\/media?parent=4616"}],"curies":[{"name":"wp","href":"https:\/\/api.w.org\/{rel}","templated":true}]}}