{"id":4704,"date":"2025-01-24T23:18:02","date_gmt":"2025-01-24T22:18:02","guid":{"rendered":"https:\/\/www.handballbelgium.be\/?page_id=4704"},"modified":"2025-01-24T23:42:41","modified_gmt":"2025-01-24T22:42:41","slug":"contact","status":"publish","type":"page","link":"https:\/\/www.handballbelgium.be\/index.php\/lfh\/contact\/","title":{"rendered":"CONTACT"},"content":{"rendered":"\t\t<div data-elementor-type=\"wp-page\" data-elementor-id=\"4704\" class=\"elementor elementor-4704\">\n\t\t\t\t<div class=\"elementor-element elementor-element-f497cb9 animated-slow e-flex e-con-boxed wpr-particle-no wpr-jarallax-no wpr-parallax-no wpr-sticky-section-no elementor-invisible e-con e-parent\" data-id=\"f497cb9\" data-element_type=\"container\" data-e-type=\"container\" data-settings=\"{&quot;animation&quot;:&quot;fadeIn&quot;}\">\n\t\t\t\t\t<div class=\"e-con-inner\">\n\t\t\t\t<div class=\"elementor-element elementor-element-c3ef8ae animated-slow elementor-widget elementor-widget-text-editor\" data-id=\"c3ef8ae\" data-element_type=\"widget\" data-e-type=\"widget\" data-settings=\"{&quot;_animation&quot;:&quot;none&quot;}\" data-widget_type=\"text-editor.default\">\n\t\t\t\t<div class=\"elementor-widget-container\">\n\t\t\t\t\t\t\t\t\t<p style=\"font-weight: 400;\">Vous avez des questions, des suggestions ou besoin d&#8217;informations suppl\u00e9mentaires?<br \/><span style=\"color: var( --e-global-color-secondary ); font-size: 16px;\">La Ligue Francophone de Handball (LFH) est \u00e0 votre \u00e9coute !<\/span><\/p><p style=\"font-weight: 400;\"><strong>Comment nous joindre:<\/strong><\/p><ul style=\"font-weight: 400;\"><li><strong>T\u00e9l\u00e9phone<\/strong>\u00a0: Vous pouvez \u00e9galement nous appeler au <a href=\"tel:+3242797686\">+32 4 279 76 86<\/a> du lundi au vendredi de 8h \u00e0 16h pour parler directement avec un membre de notre \u00e9quipe.<\/li><li><strong>Adresse<\/strong>\u00a0: Venez nous rendre visite \u00e0 notre si\u00e8ge situ\u00e9 Rue des Pr\u00e9montr\u00e9s 12 \u00e0 4000 Li\u00e8ge<\/li><li><strong>Courriels\u00a0: <\/strong>Ci-dessous, retrouvez les contacts de nos collaborateurs<\/li><\/ul>\t\t\t\t\t\t\t\t<\/div>\n\t\t\t\t<\/div>\n\t\t\t\t\t<\/div>\n\t\t\t\t<\/div>\n\t\t<div class=\"elementor-element elementor-element-b1ec28b e-flex e-con-boxed wpr-particle-no wpr-jarallax-no wpr-parallax-no wpr-sticky-section-no e-con e-parent\" data-id=\"b1ec28b\" data-element_type=\"container\" data-e-type=\"container\">\n\t\t\t\t\t<div class=\"e-con-inner\">\n\t\t\t\t<div class=\"elementor-element elementor-element-11c3d9a elementor-invisible elementor-widget elementor-widget-image\" data-id=\"11c3d9a\" data-element_type=\"widget\" data-e-type=\"widget\" data-settings=\"{&quot;_animation&quot;:&quot;fadeIn&quot;}\" data-widget_type=\"image.default\">\n\t\t\t\t<div class=\"elementor-widget-container\">\n\t\t\t\t\t\t\t\t\t\t\t\t\t\t\t<img fetchpriority=\"high\" decoding=\"async\" width=\"785\" height=\"555\" src=\"https:\/\/www.handballbelgium.be\/wp-content\/uploads\/2025\/01\/Trombinoscope-LFH-2.0-1024x724.png\" class=\"attachment-large size-large wp-image-4710\" alt=\"\" srcset=\"https:\/\/www.handballbelgium.be\/wp-content\/uploads\/2025\/01\/Trombinoscope-LFH-2.0-1024x724.png 1024w, https:\/\/www.handballbelgium.be\/wp-content\/uploads\/2025\/01\/Trombinoscope-LFH-2.0-300x212.png 300w, https:\/\/www.handballbelgium.be\/wp-content\/uploads\/2025\/01\/Trombinoscope-LFH-2.0-768x543.png 768w, https:\/\/www.handballbelgium.be\/wp-content\/uploads\/2025\/01\/Trombinoscope-LFH-2.0-1536x1086.png 1536w, https:\/\/www.handballbelgium.be\/wp-content\/uploads\/2025\/01\/Trombinoscope-LFH-2.0-128x90.png 128w, https:\/\/www.handballbelgium.be\/wp-content\/uploads\/2025\/01\/Trombinoscope-LFH-2.0-32x23.png 32w, https:\/\/www.handballbelgium.be\/wp-content\/uploads\/2025\/01\/Trombinoscope-LFH-2.0.png 2000w\" sizes=\"(max-width: 785px) 100vw, 785px\" \/>\t\t\t\t\t\t\t\t\t\t\t\t\t\t\t<\/div>\n\t\t\t\t<\/div>\n\t\t\t\t\t<\/div>\n\t\t\t\t<\/div>\n\t\t<div class=\"elementor-element elementor-element-4e92c2e e-flex e-con-boxed wpr-particle-no wpr-jarallax-no wpr-parallax-no wpr-sticky-section-no e-con e-parent\" data-id=\"4e92c2e\" data-element_type=\"container\" data-e-type=\"container\">\n\t\t\t\t\t<div class=\"e-con-inner\">\n\t\t\t\t<div class=\"elementor-element elementor-element-43698b5 animated-slow elementor-invisible elementor-widget elementor-widget-text-editor\" data-id=\"43698b5\" data-element_type=\"widget\" data-e-type=\"widget\" data-settings=\"{&quot;_animation&quot;:&quot;fadeIn&quot;}\" data-widget_type=\"text-editor.default\">\n\t\t\t\t<div class=\"elementor-widget-container\">\n\t\t\t\t\t\t\t\t\t<p style=\"font-weight: 400;\"><strong>Suivez-nous sur les r\u00e9seaux sociaux<br \/><\/strong>Restez connect\u00e9s avec la LFH en nous suivant sur nos r\u00e9seaux sociaux. Recevez les derni\u00e8res nouvelles, les mises \u00e0 jour des comp\u00e9titions et bien plus encore !<\/p>\t\t\t\t\t\t\t\t<\/div>\n\t\t\t\t<\/div>\n\t\t\t\t\t<\/div>\n\t\t\t\t<\/div>\n\t\t<div class=\"elementor-element elementor-element-362cee2 e-flex e-con-boxed wpr-particle-no wpr-jarallax-no wpr-parallax-no wpr-sticky-section-no elementor-invisible e-con e-parent\" data-id=\"362cee2\" data-element_type=\"container\" data-e-type=\"container\" data-settings=\"{&quot;animation&quot;:&quot;fadeIn&quot;}\">\n\t\t\t\t\t<div class=\"e-con-inner\">\n\t\t<div class=\"elementor-element elementor-element-c591bb6 e-con-full e-flex wpr-particle-no wpr-jarallax-no wpr-parallax-no wpr-sticky-section-no e-con e-child\" data-id=\"c591bb6\" data-element_type=\"container\" data-e-type=\"container\">\n\t\t\t\t<div class=\"elementor-element elementor-element-48bc949 elementor-view-stacked elementor-shape-rounded elementor-widget elementor-widget-icon\" data-id=\"48bc949\" data-element_type=\"widget\" data-e-type=\"widget\" data-widget_type=\"icon.default\">\n\t\t\t\t<div class=\"elementor-widget-container\">\n\t\t\t\t\t\t\t<div class=\"elementor-icon-wrapper\">\n\t\t\t<a class=\"elementor-icon elementor-animation-shrink\" href=\"https:\/\/www.instagram.com\/lfhandball?utm_source=ig_web_button_share_sheet&#038;igsh=ZDNlZDc0MzIxNw==\" target=\"_blank\">\n\t\t\t<svg aria-hidden=\"true\" class=\"e-font-icon-svg e-fab-instagram\" viewBox=\"0 0 448 512\" xmlns=\"http:\/\/www.w3.org\/2000\/svg\"><path d=\"M224.1 141c-63.6 0-114.9 51.3-114.9 114.9s51.3 114.9 114.9 114.9S339 319.5 339 255.9 287.7 141 224.1 141zm0 189.6c-41.1 0-74.7-33.5-74.7-74.7s33.5-74.7 74.7-74.7 74.7 33.5 74.7 74.7-33.6 74.7-74.7 74.7zm146.4-194.3c0 14.9-12 26.8-26.8 26.8-14.9 0-26.8-12-26.8-26.8s12-26.8 26.8-26.8 26.8 12 26.8 26.8zm76.1 27.2c-1.7-35.9-9.9-67.7-36.2-93.9-26.2-26.2-58-34.4-93.9-36.2-37-2.1-147.9-2.1-184.9 0-35.8 1.7-67.6 9.9-93.9 36.1s-34.4 58-36.2 93.9c-2.1 37-2.1 147.9 0 184.9 1.7 35.9 9.9 67.7 36.2 93.9s58 34.4 93.9 36.2c37 2.1 147.9 2.1 184.9 0 35.9-1.7 67.7-9.9 93.9-36.2 26.2-26.2 34.4-58 36.2-93.9 2.1-37 2.1-147.8 0-184.8zM398.8 388c-7.8 19.6-22.9 34.7-42.6 42.6-29.5 11.7-99.5 9-132.1 9s-102.7 2.6-132.1-9c-19.6-7.8-34.7-22.9-42.6-42.6-11.7-29.5-9-99.5-9-132.1s-2.6-102.7 9-132.1c7.8-19.6 22.9-34.7 42.6-42.6 29.5-11.7 99.5-9 132.1-9s102.7-2.6 132.1 9c19.6 7.8 34.7 22.9 42.6 42.6 11.7 29.5 9 99.5 9 132.1s2.7 102.7-9 132.1z\"><\/path><\/svg>\t\t\t<\/a>\n\t\t<\/div>\n\t\t\t\t\t\t<\/div>\n\t\t\t\t<\/div>\n\t\t\t\t<\/div>\n\t\t<div class=\"elementor-element elementor-element-4d5176b e-con-full e-flex wpr-particle-no wpr-jarallax-no wpr-parallax-no wpr-sticky-section-no e-con e-child\" data-id=\"4d5176b\" data-element_type=\"container\" data-e-type=\"container\">\n\t\t\t\t<div class=\"elementor-element elementor-element-c3616b2 elementor-view-stacked elementor-shape-rounded elementor-widget elementor-widget-icon\" data-id=\"c3616b2\" data-element_type=\"widget\" data-e-type=\"widget\" data-widget_type=\"icon.default\">\n\t\t\t\t<div class=\"elementor-widget-container\">\n\t\t\t\t\t\t\t<div class=\"elementor-icon-wrapper\">\n\t\t\t<a class=\"elementor-icon elementor-animation-shrink\" href=\"https:\/\/www.facebook.com\/LigueFrancophoneDeHandball\/?locale=fr_FR\" target=\"_blank\">\n\t\t\t<svg aria-hidden=\"true\" class=\"e-font-icon-svg e-fab-facebook-square\" viewBox=\"0 0 448 512\" xmlns=\"http:\/\/www.w3.org\/2000\/svg\"><path d=\"M400 32H48A48 48 0 0 0 0 80v352a48 48 0 0 0 48 48h137.25V327.69h-63V256h63v-54.64c0-62.15 37-96.48 93.67-96.48 27.14 0 55.52 4.84 55.52 4.84v61h-31.27c-30.81 0-40.42 19.12-40.42 38.73V256h68.78l-11 71.69h-57.78V480H400a48 48 0 0 0 48-48V80a48 48 0 0 0-48-48z\"><\/path><\/svg>\t\t\t<\/a>\n\t\t<\/div>\n\t\t\t\t\t\t<\/div>\n\t\t\t\t<\/div>\n\t\t\t\t<\/div>\n\t\t\t\t\t<\/div>\n\t\t\t\t<\/div>\n\t\t<div class=\"elementor-element elementor-element-99fa170 e-flex e-con-boxed wpr-particle-no wpr-jarallax-no wpr-parallax-no wpr-sticky-section-no e-con e-parent\" data-id=\"99fa170\" data-element_type=\"container\" data-e-type=\"container\">\n\t\t\t\t\t<div class=\"e-con-inner\">\n\t\t\t\t<div class=\"elementor-element elementor-element-e7707c1 animated-slow elementor-invisible elementor-widget elementor-widget-text-editor\" data-id=\"e7707c1\" data-element_type=\"widget\" data-e-type=\"widget\" data-settings=\"{&quot;_animation&quot;:&quot;fadeIn&quot;}\" data-widget_type=\"text-editor.default\">\n\t\t\t\t<div class=\"elementor-widget-container\">\n\t\t\t\t\t\t\t\t\t<p><strong>Recevez notre Journal Officiel<br \/><\/strong>Si vous souhaitez recevoir notre Journal Officiel qui est publi\u00e9 chaque lundi, prenez contact avec\u00a0: <a href=\"mailto:frederic.delcourt@handball.be\">frederic.delcourt@handball.be<\/a><\/p><p style=\"font-weight: 400;\">Nous sommes impatients de vous entendre et de vous aider \u00e0 profiter pleinement de tout ce que le handball francophone a \u00e0 offrir !<\/p>\t\t\t\t\t\t\t\t<\/div>\n\t\t\t\t<\/div>\n\t\t\t\t\t<\/div>\n\t\t\t\t<\/div>\n\t\t\t\t<\/div>\n\t\t","protected":false},"excerpt":{"rendered":"<p>Vous avez des questions, des suggestions ou besoin d&#8217;informations suppl\u00e9mentaires?La Ligue Francophone de Handball (LFH) est \u00e0 votre \u00e9coute ! Comment nous joindre: T\u00e9l\u00e9phone\u00a0: Vous pouvez \u00e9galement nous appeler au +32 4 279 76 86 du lundi au vendredi de 8h \u00e0 16h pour parler directement avec un membre de notre \u00e9quipe. Adresse\u00a0: Venez nous rendre visite \u00e0 notre si\u00e8ge situ\u00e9 Rue des Pr\u00e9montr\u00e9s 12 \u00e0 4000 Li\u00e8ge Courriels\u00a0: Ci-dessous, retrouvez les contacts de nos collaborateurs Suivez-nous sur les r\u00e9seaux sociauxRestez connect\u00e9s avec la LFH en nous suivant sur nos r\u00e9seaux sociaux. Recevez les derni\u00e8res nouvelles, les mises \u00e0 jour des comp\u00e9titions et bien plus encore ! Recevez notre Journal OfficielSi vous souhaitez recevoir notre Journal Officiel qui est publi\u00e9 chaque lundi, prenez contact avec\u00a0: frederic.delcourt@handball.be Nous sommes impatients de vous entendre et de vous aider \u00e0 profiter pleinement de tout ce que le handball francophone a \u00e0 offrir !<\/p>\n","protected":false},"author":2,"featured_media":0,"parent":4286,"menu_order":0,"comment_status":"closed","ping_status":"closed","template":"","meta":{"footnotes":""},"class_list":["post-4704","page","type-page","status-publish","hentry"],"rttpg_featured_image_url":null,"rttpg_author":{"display_name":"C\u00e9dric Mouchette","author_link":"https:\/\/www.handballbelgium.be\/index.php\/author\/admin\/"},"rttpg_comment":0,"rttpg_category":null,"rttpg_excerpt":"Vous avez des questions, des suggestions ou besoin d&#8217;informations suppl\u00e9mentaires?La Ligue Francophone de Handball (LFH) est \u00e0 votre \u00e9coute ! Comment nous joindre: T\u00e9l\u00e9phone\u00a0: Vous pouvez \u00e9galement nous appeler au +32 4 279 76 86 du lundi au vendredi de 8h \u00e0 16h pour parler directement avec un membre de notre \u00e9quipe. Adresse\u00a0: Venez nous&hellip;","_links":{"self":[{"href":"https:\/\/www.handballbelgium.be\/index.php\/wp-json\/wp\/v2\/pages\/4704","targetHints":{"allow":["GET"]}}],"collection":[{"href":"https:\/\/www.handballbelgium.be\/index.php\/wp-json\/wp\/v2\/pages"}],"about":[{"href":"https:\/\/www.handballbelgium.be\/index.php\/wp-json\/wp\/v2\/types\/page"}],"author":[{"embeddable":true,"href":"https:\/\/www.handballbelgium.be\/index.php\/wp-json\/wp\/v2\/users\/2"}],"replies":[{"embeddable":true,"href":"https:\/\/www.handballbelgium.be\/index.php\/wp-json\/wp\/v2\/comments?post=4704"}],"version-history":[{"count":22,"href":"https:\/\/www.handballbelgium.be\/index.php\/wp-json\/wp\/v2\/pages\/4704\/revisions"}],"predecessor-version":[{"id":4730,"href":"https:\/\/www.handballbelgium.be\/index.php\/wp-json\/wp\/v2\/pages\/4704\/revisions\/4730"}],"up":[{"embeddable":true,"href":"https:\/\/www.handballbelgium.be\/index.php\/wp-json\/wp\/v2\/pages\/4286"}],"wp:attachment":[{"href":"https:\/\/www.handballbelgium.be\/index.php\/wp-json\/wp\/v2\/media?parent=4704"}],"curies":[{"name":"wp","href":"https:\/\/api.w.org\/{rel}","templated":true}]}}