{"id":5378,"date":"2025-03-25T22:11:50","date_gmt":"2025-03-25T21:11:50","guid":{"rendered":"https:\/\/www.handballbelgium.be\/?page_id=5378"},"modified":"2025-03-25T22:27:00","modified_gmt":"2025-03-25T21:27:00","slug":"opportunity-players-group","status":"publish","type":"page","link":"https:\/\/www.handballbelgium.be\/index.php\/lfh\/news\/opportunity-players-group\/","title":{"rendered":"OPPORTUNITY PLAYERS GROUP"},"content":{"rendered":"\t\t<div data-elementor-type=\"wp-page\" data-elementor-id=\"5378\" class=\"elementor elementor-5378\">\n\t\t\t\t<div class=\"elementor-element elementor-element-f497cb9 animated-slow e-flex e-con-boxed wpr-particle-no wpr-jarallax-no wpr-parallax-no wpr-sticky-section-no elementor-invisible e-con e-parent\" data-id=\"f497cb9\" data-element_type=\"container\" data-e-type=\"container\" data-settings=\"{&quot;animation&quot;:&quot;fadeIn&quot;}\">\n\t\t\t\t\t<div class=\"e-con-inner\">\n\t\t\t\t<div class=\"elementor-element elementor-element-11c3d9a elementor-invisible elementor-widget elementor-widget-image\" data-id=\"11c3d9a\" data-element_type=\"widget\" data-e-type=\"widget\" data-settings=\"{&quot;_animation&quot;:&quot;fadeIn&quot;}\" data-widget_type=\"image.default\">\n\t\t\t\t<div class=\"elementor-widget-container\">\n\t\t\t\t\t\t\t\t\t\t\t\t\t\t\t<img decoding=\"async\" src=\"https:\/\/www.handballbelgium.be\/wp-content\/uploads\/elementor\/thumbs\/LFH-OP-r3ebugaigsq97vu0l06cu8t0jccgnjedn7q4rssecg.jpg\" title=\"LFH &#8211; OP\" alt=\"LFH - OP\" loading=\"lazy\" \/>\t\t\t\t\t\t\t\t\t\t\t\t\t\t\t<\/div>\n\t\t\t\t<\/div>\n\t\t\t\t\t<\/div>\n\t\t\t\t<\/div>\n\t\t<div class=\"elementor-element elementor-element-4e92c2e e-flex e-con-boxed wpr-particle-no wpr-jarallax-no wpr-parallax-no wpr-sticky-section-no e-con e-parent\" data-id=\"4e92c2e\" data-element_type=\"container\" data-e-type=\"container\">\n\t\t\t\t\t<div class=\"e-con-inner\">\n\t\t\t\t<div class=\"elementor-element elementor-element-43698b5 animated-slow elementor-invisible elementor-widget elementor-widget-text-editor\" data-id=\"43698b5\" data-element_type=\"widget\" data-e-type=\"widget\" data-settings=\"{&quot;_animation&quot;:&quot;fadeIn&quot;}\" data-widget_type=\"text-editor.default\">\n\t\t\t\t<div class=\"elementor-widget-container\">\n\t\t\t\t\t\t\t\t\t<p style=\"font-weight: 400;\">La Ligue Francophone de Handball est fi\u00e8re d&#8217;annoncer un\u00a0<strong>nouveau partenariat<\/strong>\u00a0avec <em>Opportunity Players Group<\/em>, une plateforme innovante d\u00e9di\u00e9e aux sports collectifs, mais \u00e9galement au\u00a0handball.<\/p><p style=\"font-weight: 400;\">Ce partenariat vise \u00e0 promouvoir le handball et \u00e0 offrir des opportunit\u00e9s exceptionnelles aux joueurs et joueuses de tous niveaux.<\/p><p style=\"font-weight: 400;\"><strong>Opportunity Players<\/strong>\u00a0se distingue par son engagement \u00e0 soutenir les athl\u00e8tes dans leur d\u00e9veloppement et leur progression. Gr\u00e2ce \u00e0 cette collaboration, les joueurs auront acc\u00e8s \u00e0 des ressources et des programmes con\u00e7us pour les aider \u00e0 atteindre leurs objectifs sportifs.<\/p><p style=\"font-weight: 400;\">Voici ce que la plateforme propose :<\/p><ul style=\"font-weight: 400;\"><li><strong>Connexion des acteurs du sport<\/strong>\u00a0: Opportunity Players met en relation les clubs, les athl\u00e8tes, les entra\u00eeneurs et les professionnels pour garantir que chacun trouve la bonne opportunit\u00e9 au bon moment.<\/li><li><strong>Espace r\u00e9serv\u00e9 pour les joueurs<\/strong>\u00a0: Les joueurs peuvent d\u00e9poser leurs vid\u00e9os et cr\u00e9er un profil pour attirer l&#8217;attention des recruteurs.<\/li><li><strong>Promotion des talents<\/strong>\u00a0: La plateforme offre des opportunit\u00e9s pour les joueurs de tous niveaux, permettant \u00e0 chacun de progresser dans sa carri\u00e8re.<\/li><\/ul><p style=\"font-weight: 400;\">&#8220;Nous sommes ravis de nous associer \u00e0 <strong>Opportunity Players Group<\/strong> et de mettre en valeur leur logo sur toutes les vareuses de nos s\u00e9lections,&#8221; a d\u00e9clar\u00e9 Benoit Neuville, Secr\u00e9taire G\u00e9n\u00e9ral de la Ligue Francophone de Handball.<\/p><p style=\"font-weight: 400;\">&#8220;Ce partenariat nous permettra de renforcer notre soutien aux jeunes athl\u00e8tes francophones\/germanophones et de promouvoir le handball \u00e0 un niveau encore plus \u00e9lev\u00e9.&#8221;<\/p><p style=\"font-weight: 400;\">La s\u00e9curit\u00e9 des utilisateurs sur le site web d&#8217;Opportunity Players est une priorit\u00e9 essentielle. Diff\u00e9rentes mesures contribuent \u00e0 cr\u00e9er un environnement s\u00e9curis\u00e9 pour les utilisateurs, renfor\u00e7ant ainsi leur confiance et prot\u00e9geant leurs informations personnelles.<\/p><p style=\"font-weight: 400;\">Les joueurs et joueuses int\u00e9ress\u00e9s sont encourag\u00e9s \u00e0 rejoindre\u00a0<strong>Opportunity Players<\/strong>\u00a0pour b\u00e9n\u00e9ficier de ces nouvelles opportunit\u00e9s. Pour plus d&#8217;informations, visitez leur site internet: <a href=\"https:\/\/www.opportunity-players.com\/fr\">https:\/\/www.opportunity-players.com\/fr<\/a><\/p>\t\t\t\t\t\t\t\t<\/div>\n\t\t\t\t<\/div>\n\t\t\t\t\t<\/div>\n\t\t\t\t<\/div>\n\t\t\t\t<\/div>\n\t\t","protected":false},"excerpt":{"rendered":"<p>La Ligue Francophone de Handball est fi\u00e8re d&#8217;annoncer un\u00a0nouveau partenariat\u00a0avec Opportunity Players Group, une plateforme innovante d\u00e9di\u00e9e aux sports collectifs, mais \u00e9galement au\u00a0handball. Ce partenariat vise \u00e0 promouvoir le handball et \u00e0 offrir des opportunit\u00e9s exceptionnelles aux joueurs et joueuses de tous niveaux. Opportunity Players\u00a0se distingue par son engagement \u00e0 soutenir les athl\u00e8tes dans leur d\u00e9veloppement et leur progression. Gr\u00e2ce \u00e0 cette collaboration, les joueurs auront acc\u00e8s \u00e0 des ressources et des programmes con\u00e7us pour les aider \u00e0 atteindre leurs objectifs sportifs. Voici ce que la plateforme propose : Connexion des acteurs du sport\u00a0: Opportunity Players met en relation les clubs, les athl\u00e8tes, les entra\u00eeneurs et les professionnels pour garantir que chacun trouve la bonne opportunit\u00e9 au bon moment. Espace r\u00e9serv\u00e9 pour les joueurs\u00a0: Les joueurs peuvent d\u00e9poser leurs vid\u00e9os et cr\u00e9er un profil pour attirer l&#8217;attention des recruteurs. Promotion des talents\u00a0: La plateforme offre des opportunit\u00e9s pour les joueurs de tous niveaux, permettant \u00e0 chacun de progresser dans sa carri\u00e8re. &#8220;Nous sommes ravis de nous associer \u00e0 Opportunity Players Group et de mettre en valeur leur logo sur toutes les vareuses de nos s\u00e9lections,&#8221; a d\u00e9clar\u00e9 Benoit Neuville, Secr\u00e9taire G\u00e9n\u00e9ral de la Ligue Francophone de Handball. &#8220;Ce partenariat nous permettra de renforcer notre soutien aux jeunes athl\u00e8tes francophones\/germanophones et de promouvoir le handball \u00e0 un niveau encore plus \u00e9lev\u00e9.&#8221; La s\u00e9curit\u00e9 des utilisateurs sur le site web d&#8217;Opportunity Players est une priorit\u00e9 essentielle. Diff\u00e9rentes mesures contribuent \u00e0 cr\u00e9er un environnement s\u00e9curis\u00e9 pour les utilisateurs, renfor\u00e7ant ainsi leur confiance et prot\u00e9geant leurs informations personnelles. Les joueurs et joueuses int\u00e9ress\u00e9s sont encourag\u00e9s \u00e0 rejoindre\u00a0Opportunity Players\u00a0pour b\u00e9n\u00e9ficier de ces nouvelles opportunit\u00e9s. Pour plus d&#8217;informations, visitez leur site internet: https:\/\/www.opportunity-players.com\/fr<\/p>\n","protected":false},"author":9,"featured_media":0,"parent":5338,"menu_order":0,"comment_status":"closed","ping_status":"closed","template":"","meta":{"footnotes":""},"class_list":["post-5378","page","type-page","status-publish","hentry"],"rttpg_featured_image_url":null,"rttpg_author":{"display_name":"C\u00e9dric Mouchette - LFH","author_link":"https:\/\/www.handballbelgium.be\/index.php\/author\/admin-lfh\/"},"rttpg_comment":0,"rttpg_category":null,"rttpg_excerpt":"La Ligue Francophone de Handball est fi\u00e8re d&#8217;annoncer un\u00a0nouveau partenariat\u00a0avec Opportunity Players Group, une plateforme innovante d\u00e9di\u00e9e aux sports collectifs, mais \u00e9galement au\u00a0handball. Ce partenariat vise \u00e0 promouvoir le handball et \u00e0 offrir des opportunit\u00e9s exceptionnelles aux joueurs et joueuses de tous niveaux. Opportunity Players\u00a0se distingue par son engagement \u00e0 soutenir les athl\u00e8tes dans leur&hellip;","_links":{"self":[{"href":"https:\/\/www.handballbelgium.be\/index.php\/wp-json\/wp\/v2\/pages\/5378","targetHints":{"allow":["GET"]}}],"collection":[{"href":"https:\/\/www.handballbelgium.be\/index.php\/wp-json\/wp\/v2\/pages"}],"about":[{"href":"https:\/\/www.handballbelgium.be\/index.php\/wp-json\/wp\/v2\/types\/page"}],"author":[{"embeddable":true,"href":"https:\/\/www.handballbelgium.be\/index.php\/wp-json\/wp\/v2\/users\/9"}],"replies":[{"embeddable":true,"href":"https:\/\/www.handballbelgium.be\/index.php\/wp-json\/wp\/v2\/comments?post=5378"}],"version-history":[{"count":16,"href":"https:\/\/www.handballbelgium.be\/index.php\/wp-json\/wp\/v2\/pages\/5378\/revisions"}],"predecessor-version":[{"id":5397,"href":"https:\/\/www.handballbelgium.be\/index.php\/wp-json\/wp\/v2\/pages\/5378\/revisions\/5397"}],"up":[{"embeddable":true,"href":"https:\/\/www.handballbelgium.be\/index.php\/wp-json\/wp\/v2\/pages\/5338"}],"wp:attachment":[{"href":"https:\/\/www.handballbelgium.be\/index.php\/wp-json\/wp\/v2\/media?parent=5378"}],"curies":[{"name":"wp","href":"https:\/\/api.w.org\/{rel}","templated":true}]}}